{"id":598,"date":"2025-07-10T14:28:31","date_gmt":"2025-07-10T14:28:31","guid":{"rendered":"https:\/\/ww1.norttech.com\/?page_id=598"},"modified":"2025-09-05T22:18:32","modified_gmt":"2025-09-05T22:18:32","slug":"insidey-social-intranet","status":"publish","type":"page","link":"https:\/\/www.norttech.com\/en\/productos\/insidey-social-intranet\/","title":{"rendered":"Insidey Social Intranet"},"content":{"rendered":"<div class=\"wp-block-group alignfull has-dark-shade-background-color has-background is-layout-constrained wp-container-core-group-is-layout-e6f1036d wp-block-group-is-layout-constrained\" style=\"margin-top:0;margin-bottom:0;padding-top:0;padding-right:0;padding-bottom:0;padding-left:0;background-image:url(&#039;https:\/\/www.norttech.com\/wp-content\/uploads\/sites\/2\/2025\/07\/insidey-hero.jpg&#039;);background-size:cover;\">\n<div class=\"wp-block-cover wp-duotone-unset-1\" style=\"margin-top:0;margin-bottom:0;padding-top:0;padding-right:var(--wp--preset--spacing--40);padding-bottom:var(--wp--preset--spacing--60);padding-left:var(--wp--preset--spacing--40);min-height:580px;aspect-ratio:unset;\"><span aria-hidden=\"true\" class=\"wp-block-cover__background has-heading-color-background-color has-background-dim-60 has-background-dim\"><\/span><div class=\"wp-block-cover__inner-container is-layout-constrained wp-container-core-cover-is-layout-432ae571 wp-block-cover-is-layout-constrained\">\n<h1 class=\"wp-block-heading has-text-align-center has-light-color-color has-text-color has-link-color has-giga-font-size wp-elements-30356e1304240f67998aeb62f716d8dc\" style=\"font-style:normal;font-weight:500;line-height:1.3\">Insidey<\/h1>\n\n\n\n<p class=\"has-text-align-center has-light-color-color has-text-color has-link-color has-medium-font-size wp-elements-c374c7039b9475411ff7aab6c9cd8ebe\">With Insidey, companies will increase their productivity, enhance employee engagement, and problem-solving will be faster.<\/p>\n<\/div><\/div>\n<\/div>\n\n\n\n<div class=\"wp-block-group alignfull has-background-background-color has-background is-layout-constrained wp-container-core-group-is-layout-e6f1036d wp-block-group-is-layout-constrained\" style=\"border-top-style:none;border-top-width:0px;margin-top:0;margin-bottom:0;padding-top:0;padding-right:0;padding-bottom:0;padding-left:0\">\n<div class=\"wp-block-cover is-light wp-duotone-unset-2\" style=\"margin-top:0;margin-bottom:0;padding-top:var(--wp--preset--spacing--60);padding-right:var(--wp--preset--spacing--40);padding-bottom:var(--wp--preset--spacing--40);padding-left:var(--wp--preset--spacing--40);min-height:580px;aspect-ratio:unset;\"><span aria-hidden=\"true\" class=\"wp-block-cover__background has-background-background-color has-background-dim-100 has-background-dim\"><\/span><div class=\"wp-block-cover__inner-container is-layout-constrained wp-container-core-cover-is-layout-64b4311a wp-block-cover-is-layout-constrained\">\n<h1 class=\"wp-block-heading has-text-align-center has-heading-color-color has-text-color has-link-color has-xx-large-font-size wp-elements-43a66b27862f0a5e07480aa4c0d0a548\" style=\"font-style:normal;font-weight:700;line-height:1.4\">Organization, Communication, and Efficiency<\/h1>\n\n\n\n<p class=\"has-text-align-center has-heading-color-color has-text-color has-link-color has-medium-font-size wp-elements-6525f8860648b2ec9a41ec8d412a67a8\">Everything you need to know to communicate with your company<\/p>\n\n\n\n<figure class=\"wp-block-image size-full\"><img loading=\"lazy\" decoding=\"async\" width=\"1024\" height=\"371\" src=\"https:\/\/ww1.norttech.com\/wp-content\/uploads\/sites\/2\/2025\/07\/1083.png\" alt=\"\" class=\"wp-image-833\" srcset=\"https:\/\/www.norttech.com\/wp-content\/uploads\/sites\/2\/2025\/07\/1083.png 1024w, https:\/\/www.norttech.com\/wp-content\/uploads\/sites\/2\/2025\/07\/1083-300x109.png 300w, https:\/\/www.norttech.com\/wp-content\/uploads\/sites\/2\/2025\/07\/1083-768x278.png 768w, https:\/\/www.norttech.com\/wp-content\/uploads\/sites\/2\/2025\/07\/1083-18x7.png 18w\" sizes=\"auto, (max-width: 1024px) 100vw, 1024px\" \/><\/figure>\n<\/div><\/div>\n\n\n\n<div class=\"wp-block-group is-nowrap is-layout-flex wp-container-core-group-is-layout-6c531013 wp-block-group-is-layout-flex\">\n<figure class=\"wp-block-image size-full is-resized has-custom-border\" style=\"margin-right:var(--wp--preset--spacing--80);margin-left:var(--wp--preset--spacing--80)\"><img loading=\"lazy\" decoding=\"async\" width=\"574\" height=\"437\" src=\"https:\/\/ww1.norttech.com\/wp-content\/uploads\/sites\/2\/2025\/07\/1084.png\" alt=\"\" class=\"wp-image-836\" style=\"border-style:none;border-width:0px;border-radius:0px;width:468px;height:auto\" srcset=\"https:\/\/www.norttech.com\/wp-content\/uploads\/sites\/2\/2025\/07\/1084.png 574w, https:\/\/www.norttech.com\/wp-content\/uploads\/sites\/2\/2025\/07\/1084-300x228.png 300w, https:\/\/www.norttech.com\/wp-content\/uploads\/sites\/2\/2025\/07\/1084-16x12.png 16w\" sizes=\"auto, (max-width: 574px) 100vw, 574px\" \/><\/figure>\n\n\n\n<div class=\"wp-block-columns are-vertically-aligned-center is-layout-flex wp-container-core-columns-is-layout-0111f410 wp-block-columns-is-layout-flex\" style=\"padding-right:var(--wp--preset--spacing--50);padding-left:var(--wp--preset--spacing--50)\">\n<div class=\"wp-block-column is-vertically-aligned-center is-layout-flow wp-block-column-is-layout-flow\">\n<h3 class=\"wp-block-heading has-text-align-center\"><strong>What is Insidey?<\/strong><\/h3>\n\n\n\n<hr class=\"wp-block-separator has-alpha-channel-opacity\" style=\"margin-top:0;margin-bottom:0\" \/>\n\n\n\n<p class=\"has-normal-font-size\">Provide Google workspace users with a natively integrated Enterprise Social Network application that helps empower your employees\/co-workers and take your business to a new level of efficiency.<\/p>\n\n\n\n<p class=\"has-normal-font-size\"><em>\"Organizations that use an enterprise social network harness the power of social interactions.\"<\/em>&#8220;<\/p>\n<\/div>\n<\/div>\n<\/div>\n\n\n\n<div class=\"wp-block-group is-nowrap is-layout-flex wp-container-core-group-is-layout-3e2a60bc wp-block-group-is-layout-flex\" style=\"padding-top:var(--wp--preset--spacing--40);padding-bottom:var(--wp--preset--spacing--40)\">\n<div class=\"wp-block-columns are-vertically-aligned-center is-layout-flex wp-container-core-columns-is-layout-0111f410 wp-block-columns-is-layout-flex\" style=\"padding-right:var(--wp--preset--spacing--50);padding-left:var(--wp--preset--spacing--50)\">\n<div class=\"wp-block-column is-vertically-aligned-center is-layout-flow wp-block-column-is-layout-flow\">\n<h3 class=\"wp-block-heading has-text-align-center\"><strong>Features<\/strong><\/h3>\n\n\n\n<hr class=\"wp-block-separator has-alpha-channel-opacity\" style=\"margin-top:0;margin-bottom:0\" \/>\n\n\n\n<ul class=\"wp-block-list has-normal-font-size\">\n<li>Share and look for information and resources<\/li>\n\n\n\n<li>Social Intranet for Social Business<\/li>\n\n\n\n<li>Powerful People Directory<\/li>\n\n\n\n<li>Team collaboration (Groups)<\/li>\n\n\n\n<li>Collaboration and File sharing<\/li>\n\n\n\n<li>Knowledge Management<\/li>\n\n\n\n<li>Google Apps Integration<\/li>\n\n\n\n<li>Custom Social Network and Social Intranet<\/li>\n\n\n\n<li>Multi-Domain support<\/li>\n\n\n\n<li>Enable your employees to access information from anywhere, anytime<\/li>\n\n\n\n<li>Multi Language<\/li>\n\n\n\n<li>Business Applications Integration<\/li>\n\n\n\n<li>Secure<\/li>\n\n\n\n<li>Network Analytics<\/li>\n\n\n\n<li>Live Chat Support<\/li>\n\n\n\n<li>Dedicated Account Manager<\/li>\n<\/ul>\n<\/div>\n<\/div>\n\n\n\n<figure class=\"wp-block-image size-full is-resized has-custom-border\" style=\"margin-right:var(--wp--preset--spacing--80);margin-left:var(--wp--preset--spacing--80)\"><img loading=\"lazy\" decoding=\"async\" width=\"320\" height=\"210\" src=\"https:\/\/ww1.norttech.com\/wp-content\/uploads\/sites\/2\/2025\/07\/1085.png\" alt=\"\" class=\"wp-image-843\" style=\"border-style:none;border-width:0px;border-radius:0px;width:468px;height:auto\" srcset=\"https:\/\/www.norttech.com\/wp-content\/uploads\/sites\/2\/2025\/07\/1085.png 320w, https:\/\/www.norttech.com\/wp-content\/uploads\/sites\/2\/2025\/07\/1085-300x197.png 300w, https:\/\/www.norttech.com\/wp-content\/uploads\/sites\/2\/2025\/07\/1085-18x12.png 18w\" sizes=\"auto, (max-width: 320px) 100vw, 320px\" \/><\/figure>\n<\/div>\n\n\n\n<div class=\"wp-block-group alignfull has-background is-layout-constrained wp-container-core-group-is-layout-262d6c7e wp-block-group-is-layout-constrained\" style=\"background:linear-gradient(135deg,rgb(6,147,227) 0%,rgb(155,81,224) 74%);margin-top:0;margin-bottom:0;padding-top:0.5rem;padding-right:var(--wp--preset--spacing--40);padding-bottom:0.5rem;padding-left:var(--wp--preset--spacing--40)\">\n<div class=\"wp-block-columns are-vertically-aligned-center is-layout-flex wp-container-core-columns-is-layout-4a938530 wp-block-columns-is-layout-flex\">\n<div class=\"wp-block-column is-vertically-aligned-center is-layout-flow wp-container-core-column-is-layout-119bc444 wp-block-column-is-layout-flow\">\n<h1 class=\"wp-block-heading has-text-align-left has-light-color-color has-text-color has-link-color wp-elements-07ae282eb4161c70b8431b40ba8c1758\" style=\"font-size:clamp(14px, 0.875rem + ((1vw - 3.2px) * 0.366), 20px);font-style:normal;font-weight:800;line-height:1.4\">Today, TECHNOLOGY is a key factor in driving a company's growth.<\/h1>\n\n\n\n<p class=\"has-text-align-left has-background-color has-text-color has-link-color has-medium-font-size wp-elements-320a441011c87f9f2e3433719cde72d4\">Contact us today to bring the innovation your company needs<\/p>\n<\/div>\n\n\n\n<div class=\"wp-block-column is-vertically-aligned-center is-layout-flow wp-block-column-is-layout-flow\" style=\"flex-basis:25%\">\n<blockquote class=\"wp-block-quote has-light-color-color has-text-color has-link-color wp-elements-9ba7a64fc47772e2aa83ae9b9322d8e3 is-layout-flow wp-block-quote-is-layout-flow\">\n<div class=\"wp-block-buttons is-layout-flex wp-block-buttons-is-layout-flex\">\n<div class=\"wp-block-button\"><a class=\"wp-block-button__link has-gradient-twelve-gradient-background has-background wp-element-button\" href=\"\/en\/contacto-de-ventas\/\">Contact Us <\/a><\/div>\n<\/div>\n<\/blockquote>\n<\/div>\n<\/div>\n<\/div>\n<\/div>","protected":false},"excerpt":{"rendered":"<p>\u00bfQu\u00e9 es Insidey? Proporcione a los usuarios de G Suite una aplicaci\u00f3n nativa integrada de Enterprise Social Network que lo ayude a empoderar a sus empleados\/compa\u00f1eros de trabajo e impulsar su negocio a un nuevo nivel de eficiencia. &#8220;Las organizaciones que utilizan una red social empresarial aprovechan el poder de las interacciones sociales&#8220; Caracter\u00edsticas Hoy&#8230;<\/p>","protected":false},"author":4,"featured_media":0,"parent":593,"menu_order":0,"comment_status":"closed","ping_status":"closed","template":"blank-with-header-footer","meta":{"footnotes":""},"class_list":["post-598","page","type-page","status-publish","hentry"],"yoast_head":"<!-- This site is optimized with the Yoast SEO plugin v25.3 - https:\/\/yoast.com\/wordpress\/plugins\/seo\/ -->\n<title>Intranet Social para Potenciar la Colaboraci\u00f3n Empresarial<\/title>\n<meta name=\"description\" content=\"intranet social que mejora la comunicaci\u00f3n y colaboraci\u00f3n en empresas, centralizando informaci\u00f3n y fomentando la productividad con herramientas seguras\" \/>\n<meta name=\"robots\" content=\"index, follow, max-snippet:-1, max-image-preview:large, max-video-preview:-1\" \/>\n<link rel=\"canonical\" href=\"https:\/\/www.norttech.com\/en\/productos\/insidey-social-intranet\/\" \/>\n<meta property=\"og:locale\" content=\"en_US\" \/>\n<meta property=\"og:type\" content=\"article\" \/>\n<meta property=\"og:title\" content=\"Intranet Social para Potenciar la Colaboraci\u00f3n Empresarial\" \/>\n<meta property=\"og:description\" content=\"intranet social que mejora la comunicaci\u00f3n y colaboraci\u00f3n en empresas, centralizando informaci\u00f3n y fomentando la productividad con herramientas seguras\" \/>\n<meta property=\"og:url\" content=\"https:\/\/www.norttech.com\/en\/productos\/insidey-social-intranet\/\" \/>\n<meta property=\"og:site_name\" content=\"Norttech\" \/>\n<meta property=\"article:modified_time\" content=\"2025-09-05T22:18:32+00:00\" \/>\n<meta property=\"og:image\" content=\"https:\/\/www.norttech.com\/wp-content\/uploads\/sites\/2\/2025\/07\/1083.png\" \/>\n\t<meta property=\"og:image:width\" content=\"1024\" \/>\n\t<meta property=\"og:image:height\" content=\"371\" \/>\n\t<meta property=\"og:image:type\" content=\"image\/png\" \/>\n<meta name=\"twitter:card\" content=\"summary_large_image\" \/>\n<meta name=\"twitter:label1\" content=\"Est. reading time\" \/>\n\t<meta name=\"twitter:data1\" content=\"2 minutes\" \/>\n<script type=\"application\/ld+json\" class=\"yoast-schema-graph\">{\"@context\":\"https:\/\/schema.org\",\"@graph\":[{\"@type\":\"WebPage\",\"@id\":\"https:\/\/www.norttech.com\/productos\/insidey-social-intranet\/\",\"url\":\"https:\/\/www.norttech.com\/productos\/insidey-social-intranet\/\",\"name\":\"Intranet Social para Potenciar la Colaboraci\u00f3n Empresarial\",\"isPartOf\":{\"@id\":\"https:\/\/www.norttech.com\/en\/#website\"},\"primaryImageOfPage\":{\"@id\":\"https:\/\/www.norttech.com\/productos\/insidey-social-intranet\/#primaryimage\"},\"image\":{\"@id\":\"https:\/\/www.norttech.com\/productos\/insidey-social-intranet\/#primaryimage\"},\"thumbnailUrl\":\"https:\/\/ww1.norttech.com\/wp-content\/uploads\/sites\/2\/2025\/07\/1083.png\",\"datePublished\":\"2025-07-10T14:28:31+00:00\",\"dateModified\":\"2025-09-05T22:18:32+00:00\",\"description\":\"intranet social que mejora la comunicaci\u00f3n y colaboraci\u00f3n en empresas, centralizando informaci\u00f3n y fomentando la productividad con herramientas seguras\",\"breadcrumb\":{\"@id\":\"https:\/\/www.norttech.com\/productos\/insidey-social-intranet\/#breadcrumb\"},\"inLanguage\":\"en-US\",\"potentialAction\":[{\"@type\":\"ReadAction\",\"target\":[\"https:\/\/www.norttech.com\/productos\/insidey-social-intranet\/\"]}]},{\"@type\":\"ImageObject\",\"inLanguage\":\"en-US\",\"@id\":\"https:\/\/www.norttech.com\/productos\/insidey-social-intranet\/#primaryimage\",\"url\":\"https:\/\/ww1.norttech.com\/wp-content\/uploads\/sites\/2\/2025\/07\/1083.png\",\"contentUrl\":\"https:\/\/ww1.norttech.com\/wp-content\/uploads\/sites\/2\/2025\/07\/1083.png\"},{\"@type\":\"BreadcrumbList\",\"@id\":\"https:\/\/www.norttech.com\/productos\/insidey-social-intranet\/#breadcrumb\",\"itemListElement\":[{\"@type\":\"ListItem\",\"position\":1,\"name\":\"Home\",\"item\":\"https:\/\/www.norttech.com\/\"},{\"@type\":\"ListItem\",\"position\":2,\"name\":\"Productos\",\"item\":\"https:\/\/www.norttech.com\/en\/productos\/\"},{\"@type\":\"ListItem\",\"position\":3,\"name\":\"Insidey Social Intranet\"}]},{\"@type\":\"WebSite\",\"@id\":\"https:\/\/www.norttech.com\/en\/#website\",\"url\":\"https:\/\/www.norttech.com\/en\/\",\"name\":\"Norttech\",\"description\":\"\",\"publisher\":{\"@id\":\"https:\/\/www.norttech.com\/en\/#organization\"},\"potentialAction\":[{\"@type\":\"SearchAction\",\"target\":{\"@type\":\"EntryPoint\",\"urlTemplate\":\"https:\/\/www.norttech.com\/en\/?s={search_term_string}\"},\"query-input\":{\"@type\":\"PropertyValueSpecification\",\"valueRequired\":true,\"valueName\":\"search_term_string\"}}],\"inLanguage\":\"en-US\"},{\"@type\":\"Organization\",\"@id\":\"https:\/\/www.norttech.com\/en\/#organization\",\"name\":\"Norttech\",\"url\":\"https:\/\/www.norttech.com\/en\/\",\"logo\":{\"@type\":\"ImageObject\",\"inLanguage\":\"en-US\",\"@id\":\"https:\/\/www.norttech.com\/en\/#\/schema\/logo\/image\/\",\"url\":\"https:\/\/www.norttech.com\/wp-content\/uploads\/sites\/2\/2025\/07\/imagen_2025-07-07_104008604.png\",\"contentUrl\":\"https:\/\/www.norttech.com\/wp-content\/uploads\/sites\/2\/2025\/07\/imagen_2025-07-07_104008604.png\",\"width\":276,\"height\":107,\"caption\":\"Norttech\"},\"image\":{\"@id\":\"https:\/\/www.norttech.com\/en\/#\/schema\/logo\/image\/\"}}]}<\/script>\n<!-- \/ Yoast SEO plugin. -->","yoast_head_json":{"title":"Intranet Social para Potenciar la Colaboraci\u00f3n Empresarial","description":"intranet social que mejora la comunicaci\u00f3n y colaboraci\u00f3n en empresas, centralizando informaci\u00f3n y fomentando la productividad con herramientas seguras","robots":{"index":"index","follow":"follow","max-snippet":"max-snippet:-1","max-image-preview":"max-image-preview:large","max-video-preview":"max-video-preview:-1"},"canonical":"https:\/\/www.norttech.com\/en\/productos\/insidey-social-intranet\/","og_locale":"en_US","og_type":"article","og_title":"Intranet Social para Potenciar la Colaboraci\u00f3n Empresarial","og_description":"intranet social que mejora la comunicaci\u00f3n y colaboraci\u00f3n en empresas, centralizando informaci\u00f3n y fomentando la productividad con herramientas seguras","og_url":"https:\/\/www.norttech.com\/en\/productos\/insidey-social-intranet\/","og_site_name":"Norttech","article_modified_time":"2025-09-05T22:18:32+00:00","og_image":[{"width":1024,"height":371,"url":"https:\/\/www.norttech.com\/wp-content\/uploads\/sites\/2\/2025\/07\/1083.png","type":"image\/png"}],"twitter_card":"summary_large_image","twitter_misc":{"Est. reading time":"2 minutes"},"schema":{"@context":"https:\/\/schema.org","@graph":[{"@type":"WebPage","@id":"https:\/\/www.norttech.com\/productos\/insidey-social-intranet\/","url":"https:\/\/www.norttech.com\/productos\/insidey-social-intranet\/","name":"Intranet Social para Potenciar la Colaboraci\u00f3n Empresarial","isPartOf":{"@id":"https:\/\/www.norttech.com\/en\/#website"},"primaryImageOfPage":{"@id":"https:\/\/www.norttech.com\/productos\/insidey-social-intranet\/#primaryimage"},"image":{"@id":"https:\/\/www.norttech.com\/productos\/insidey-social-intranet\/#primaryimage"},"thumbnailUrl":"https:\/\/ww1.norttech.com\/wp-content\/uploads\/sites\/2\/2025\/07\/1083.png","datePublished":"2025-07-10T14:28:31+00:00","dateModified":"2025-09-05T22:18:32+00:00","description":"intranet social que mejora la comunicaci\u00f3n y colaboraci\u00f3n en empresas, centralizando informaci\u00f3n y fomentando la productividad con herramientas seguras","breadcrumb":{"@id":"https:\/\/www.norttech.com\/productos\/insidey-social-intranet\/#breadcrumb"},"inLanguage":"en-US","potentialAction":[{"@type":"ReadAction","target":["https:\/\/www.norttech.com\/productos\/insidey-social-intranet\/"]}]},{"@type":"ImageObject","inLanguage":"en-US","@id":"https:\/\/www.norttech.com\/productos\/insidey-social-intranet\/#primaryimage","url":"https:\/\/ww1.norttech.com\/wp-content\/uploads\/sites\/2\/2025\/07\/1083.png","contentUrl":"https:\/\/ww1.norttech.com\/wp-content\/uploads\/sites\/2\/2025\/07\/1083.png"},{"@type":"BreadcrumbList","@id":"https:\/\/www.norttech.com\/productos\/insidey-social-intranet\/#breadcrumb","itemListElement":[{"@type":"ListItem","position":1,"name":"Home","item":"https:\/\/www.norttech.com\/"},{"@type":"ListItem","position":2,"name":"Productos","item":"https:\/\/www.norttech.com\/en\/productos\/"},{"@type":"ListItem","position":3,"name":"Insidey Social Intranet"}]},{"@type":"WebSite","@id":"https:\/\/www.norttech.com\/en\/#website","url":"https:\/\/www.norttech.com\/en\/","name":"Norttech","description":"","publisher":{"@id":"https:\/\/www.norttech.com\/en\/#organization"},"potentialAction":[{"@type":"SearchAction","target":{"@type":"EntryPoint","urlTemplate":"https:\/\/www.norttech.com\/en\/?s={search_term_string}"},"query-input":{"@type":"PropertyValueSpecification","valueRequired":true,"valueName":"search_term_string"}}],"inLanguage":"en-US"},{"@type":"Organization","@id":"https:\/\/www.norttech.com\/en\/#organization","name":"Norttech","url":"https:\/\/www.norttech.com\/en\/","logo":{"@type":"ImageObject","inLanguage":"en-US","@id":"https:\/\/www.norttech.com\/en\/#\/schema\/logo\/image\/","url":"https:\/\/www.norttech.com\/wp-content\/uploads\/sites\/2\/2025\/07\/imagen_2025-07-07_104008604.png","contentUrl":"https:\/\/www.norttech.com\/wp-content\/uploads\/sites\/2\/2025\/07\/imagen_2025-07-07_104008604.png","width":276,"height":107,"caption":"Norttech"},"image":{"@id":"https:\/\/www.norttech.com\/en\/#\/schema\/logo\/image\/"}}]}},"_links":{"self":[{"href":"https:\/\/www.norttech.com\/en\/wp-json\/wp\/v2\/pages\/598","targetHints":{"allow":["GET"]}}],"collection":[{"href":"https:\/\/www.norttech.com\/en\/wp-json\/wp\/v2\/pages"}],"about":[{"href":"https:\/\/www.norttech.com\/en\/wp-json\/wp\/v2\/types\/page"}],"author":[{"embeddable":true,"href":"https:\/\/www.norttech.com\/en\/wp-json\/wp\/v2\/users\/4"}],"replies":[{"embeddable":true,"href":"https:\/\/www.norttech.com\/en\/wp-json\/wp\/v2\/comments?post=598"}],"version-history":[{"count":14,"href":"https:\/\/www.norttech.com\/en\/wp-json\/wp\/v2\/pages\/598\/revisions"}],"predecessor-version":[{"id":1190,"href":"https:\/\/www.norttech.com\/en\/wp-json\/wp\/v2\/pages\/598\/revisions\/1190"}],"up":[{"embeddable":true,"href":"https:\/\/www.norttech.com\/en\/wp-json\/wp\/v2\/pages\/593"}],"wp:attachment":[{"href":"https:\/\/www.norttech.com\/en\/wp-json\/wp\/v2\/media?parent=598"}],"curies":[{"name":"wp","href":"https:\/\/api.w.org\/{rel}","templated":true}]}}