{"id":608,"date":"2025-07-10T14:31:27","date_gmt":"2025-07-10T14:31:27","guid":{"rendered":"https:\/\/ww1.norttech.com\/?page_id=608"},"modified":"2025-09-02T13:54:36","modified_gmt":"2025-09-02T13:54:36","slug":"contacto-de-ventas","status":"publish","type":"page","link":"https:\/\/www.norttech.com\/en\/contacto-de-ventas\/","title":{"rendered":"Contact Sales"},"content":{"rendered":"<div class=\"wp-block-group alignfull has-background is-layout-constrained wp-container-core-group-is-layout-e6f1036d wp-block-group-is-layout-constrained\" style=\"background-color:#2d3d43;margin-top:0;margin-bottom:0;padding-top:0;padding-right:0;padding-bottom:0;padding-left:0\">\n<div class=\"wp-block-cover is-light wp-duotone-unset-1\" style=\"margin-top:0;margin-bottom:0;padding-top:0;padding-right:var(--wp--preset--spacing--40);padding-bottom:0;padding-left:var(--wp--preset--spacing--40);min-height:324px;aspect-ratio:unset;\"><span aria-hidden=\"true\" class=\"wp-block-cover__background has-background-dim-0 has-background-dim has-background-gradient has-center-top-gradient-gradient-background\"><\/span><div class=\"wp-block-cover__inner-container is-layout-flow wp-container-core-cover-is-layout-e25890f0 wp-block-cover-is-layout-flow\">\n<h1 class=\"wp-block-heading has-text-align-center has-light-color-color has-text-color has-link-color has-giga-font-size wp-elements-329d1d1fdea5434306544171c3dd212d\" style=\"font-style:normal;font-weight:500;line-height:1.3\">Contact Us today !<\/h1>\n\n\n\n<p class=\"has-text-align-center has-background-color has-text-color has-link-color has-medium-font-size wp-elements-0f61d16ce4a80d63a9a3912cf95d978b\">Contact us to talk about your requirement or any questions you might have for us.<\/p>\n\n\n\n<div class=\"wp-block-columns has-background-color has-text-color has-link-color wp-elements-e9ffd5dacfbcd95ea83b3941347ff441 is-layout-flex wp-container-core-columns-is-layout-954ec4bb wp-block-columns-is-layout-flex\" style=\"padding-right:var(--wp--preset--spacing--40);padding-left:var(--wp--preset--spacing--40)\">\n<div class=\"wp-block-column is-layout-flow wp-block-column-is-layout-flow\" style=\"padding-left:var(--wp--preset--spacing--50)\">\n<div class=\"wp-block-zoho-zoho-forms\"><iframe loading=\"lazy\" height=\"850\" width=\"100%\" frameborder=\"0\" allow=\"geolocation;microphone;camera\" src=\"https:\/\/forms.zohopublic.com\/norttech\/form\/Contctanos\/formperma\/aEqF5DZGsnKteffqKRvqshUavgqbLo4Xt8NSG5N7d-M\"> <\/iframe><\/div>\n<\/div>\n\n\n\n<div class=\"wp-block-column is-vertically-aligned-top is-layout-flow wp-block-column-is-layout-flow\" style=\"padding-top:var(--wp--preset--spacing--80);padding-right:0;padding-left:var(--wp--preset--spacing--70)\">\n<h2 class=\"wp-block-heading has-text-align-center has-large-font-size\">Contact Us<\/h2>\n\n\n\n<p class=\"has-big-font-size\"><strong>NORTTECH LABS LTDA<\/strong><\/p>\n\n\n\n<p class=\"has-medium-font-size\">World Trade Center, Torre 1<br>87 Avenida Norte, Colonia Escal\u00f3n, San Salvador CP 1101<br>El Salvador<\/p>\n\n\n\n<p class=\"has-text-align-center has-large-font-size\" style=\"margin-top:var(--wp--preset--spacing--80)\">Phone\/Whatsapp<\/p>\n\n\n\n<p class=\"has-medium-font-size\"><a href=\"tel:+503%2079694848\">+503&nbsp;7969-4848<\/a><\/p>\n<\/div>\n<\/div>\n<\/div><\/div>\n\n\n\n<div class=\"wp-block-group is-content-justification-center is-nowrap is-layout-flex wp-container-core-group-is-layout-b5ddeb61 wp-block-group-is-layout-flex\" style=\"padding-bottom:var(--wp--preset--spacing--70)\">\n<div class=\"wp-block-columns has-dark-shade-background-color has-background wp-container-content-9cfa9a5a is-layout-flex wp-container-core-columns-is-layout-28f84493 wp-block-columns-is-layout-flex\">\n<div class=\"wp-block-column is-layout-flow wp-block-column-is-layout-flow\">\n<figure class=\"wp-block-image aligncenter size-full is-resized\"><img loading=\"lazy\" decoding=\"async\" width=\"512\" height=\"512\" src=\"https:\/\/ww1.norttech.com\/wp-content\/uploads\/sites\/2\/2025\/07\/image-11.png\" alt=\"\" class=\"wp-image-1074\" style=\"width:113px\" srcset=\"https:\/\/www.norttech.com\/wp-content\/uploads\/sites\/2\/2025\/07\/image-11.png 512w, https:\/\/www.norttech.com\/wp-content\/uploads\/sites\/2\/2025\/07\/image-11-300x300.png 300w, https:\/\/www.norttech.com\/wp-content\/uploads\/sites\/2\/2025\/07\/image-11-150x150.png 150w, https:\/\/www.norttech.com\/wp-content\/uploads\/sites\/2\/2025\/07\/image-11-12x12.png 12w\" sizes=\"auto, (max-width: 512px) 100vw, 512px\" \/><\/figure>\n\n\n\n<p class=\"has-text-align-center has-light-color-color has-text-color has-link-color has-big-font-size wp-elements-ee90decd4da5b2fb321be02656821b45\">50 Projects<\/p>\n<\/div>\n\n\n\n<div class=\"wp-block-column is-layout-flow wp-block-column-is-layout-flow\">\n<figure class=\"wp-block-image aligncenter size-full is-resized\"><img loading=\"lazy\" decoding=\"async\" width=\"512\" height=\"512\" src=\"https:\/\/ww1.norttech.com\/wp-content\/uploads\/sites\/2\/2025\/07\/image-12.png\" alt=\"\" class=\"wp-image-1075\" style=\"width:113px\" srcset=\"https:\/\/www.norttech.com\/wp-content\/uploads\/sites\/2\/2025\/07\/image-12.png 512w, https:\/\/www.norttech.com\/wp-content\/uploads\/sites\/2\/2025\/07\/image-12-300x300.png 300w, https:\/\/www.norttech.com\/wp-content\/uploads\/sites\/2\/2025\/07\/image-12-150x150.png 150w, https:\/\/www.norttech.com\/wp-content\/uploads\/sites\/2\/2025\/07\/image-12-12x12.png 12w\" sizes=\"auto, (max-width: 512px) 100vw, 512px\" \/><\/figure>\n\n\n\n<p class=\"has-text-align-center has-light-color-color has-text-color has-link-color has-big-font-size wp-elements-14fbbea27f5073186f5e94f23ff31747\">12 Years Experience<\/p>\n<\/div>\n\n\n\n<div class=\"wp-block-column is-layout-flow wp-block-column-is-layout-flow\">\n<figure class=\"wp-block-image aligncenter size-full is-resized\"><img loading=\"lazy\" decoding=\"async\" width=\"512\" height=\"512\" src=\"https:\/\/ww1.norttech.com\/wp-content\/uploads\/sites\/2\/2025\/07\/image-13.png\" alt=\"\" class=\"wp-image-1077\" style=\"width:113px;height:auto\" srcset=\"https:\/\/www.norttech.com\/wp-content\/uploads\/sites\/2\/2025\/07\/image-13.png 512w, https:\/\/www.norttech.com\/wp-content\/uploads\/sites\/2\/2025\/07\/image-13-300x300.png 300w, https:\/\/www.norttech.com\/wp-content\/uploads\/sites\/2\/2025\/07\/image-13-150x150.png 150w, https:\/\/www.norttech.com\/wp-content\/uploads\/sites\/2\/2025\/07\/image-13-12x12.png 12w\" sizes=\"auto, (max-width: 512px) 100vw, 512px\" \/><\/figure>\n\n\n\n<p class=\"has-text-align-center has-light-color-color has-text-color has-link-color has-big-font-size wp-elements-5326ded622f0f9be3d1c96deddff6a14\">11 Awards<\/p>\n<\/div>\n<\/div>\n<\/div>\n<\/div>","protected":false},"excerpt":{"rendered":"<p>50&nbsp;Proyectos 12&nbsp;A\u00f1os de experiencia 11&nbsp;Premios<\/p>","protected":false},"author":4,"featured_media":0,"parent":0,"menu_order":0,"comment_status":"closed","ping_status":"closed","template":"blank-with-header-footer","meta":{"footnotes":""},"class_list":["post-608","page","type-page","status-publish","hentry"],"yoast_head":"<!-- This site is optimized with the Yoast SEO plugin v25.3 - https:\/\/yoast.com\/wordpress\/plugins\/seo\/ -->\n<title>Cont\u00e1ctanos para Soluciones Personalizadas<\/title>\n<meta name=\"description\" content=\"En Norttech transformamos tu negocio con soluciones tecnol\u00f3gicas innovadoras. Cont\u00e1ctanos y potencia tu productividad y crecimiento.\" \/>\n<meta name=\"robots\" content=\"index, follow, max-snippet:-1, max-image-preview:large, max-video-preview:-1\" \/>\n<link rel=\"canonical\" href=\"https:\/\/www.norttech.com\/en\/contacto-de-ventas\/\" \/>\n<meta property=\"og:locale\" content=\"en_US\" \/>\n<meta property=\"og:type\" content=\"article\" \/>\n<meta property=\"og:title\" content=\"Cont\u00e1ctanos para Soluciones Personalizadas\" \/>\n<meta property=\"og:description\" content=\"En Norttech transformamos tu negocio con soluciones tecnol\u00f3gicas innovadoras. Cont\u00e1ctanos y potencia tu productividad y crecimiento.\" \/>\n<meta property=\"og:url\" content=\"https:\/\/www.norttech.com\/en\/contacto-de-ventas\/\" \/>\n<meta property=\"og:site_name\" content=\"Norttech\" \/>\n<meta property=\"article:modified_time\" content=\"2025-09-02T13:54:36+00:00\" \/>\n<meta property=\"og:image\" content=\"https:\/\/ww1.norttech.com\/wp-content\/uploads\/sites\/2\/2025\/07\/image-11.png\" \/>\n<meta name=\"twitter:card\" content=\"summary_large_image\" \/>\n<meta name=\"twitter:label1\" content=\"Est. reading time\" \/>\n\t<meta name=\"twitter:data1\" content=\"1 minute\" \/>\n<script type=\"application\/ld+json\" class=\"yoast-schema-graph\">{\"@context\":\"https:\/\/schema.org\",\"@graph\":[{\"@type\":\"WebPage\",\"@id\":\"https:\/\/www.norttech.com\/contacto-de-ventas\/\",\"url\":\"https:\/\/www.norttech.com\/contacto-de-ventas\/\",\"name\":\"Cont\u00e1ctanos para Soluciones Personalizadas\",\"isPartOf\":{\"@id\":\"https:\/\/www.norttech.com\/en\/#website\"},\"primaryImageOfPage\":{\"@id\":\"https:\/\/www.norttech.com\/contacto-de-ventas\/#primaryimage\"},\"image\":{\"@id\":\"https:\/\/www.norttech.com\/contacto-de-ventas\/#primaryimage\"},\"thumbnailUrl\":\"https:\/\/ww1.norttech.com\/wp-content\/uploads\/sites\/2\/2025\/07\/image-11.png\",\"datePublished\":\"2025-07-10T14:31:27+00:00\",\"dateModified\":\"2025-09-02T13:54:36+00:00\",\"description\":\"En Norttech transformamos tu negocio con soluciones tecnol\u00f3gicas innovadoras. Cont\u00e1ctanos y potencia tu productividad y crecimiento.\",\"breadcrumb\":{\"@id\":\"https:\/\/www.norttech.com\/contacto-de-ventas\/#breadcrumb\"},\"inLanguage\":\"en-US\",\"potentialAction\":[{\"@type\":\"ReadAction\",\"target\":[\"https:\/\/www.norttech.com\/contacto-de-ventas\/\"]}]},{\"@type\":\"ImageObject\",\"inLanguage\":\"en-US\",\"@id\":\"https:\/\/www.norttech.com\/contacto-de-ventas\/#primaryimage\",\"url\":\"https:\/\/ww1.norttech.com\/wp-content\/uploads\/sites\/2\/2025\/07\/image-11.png\",\"contentUrl\":\"https:\/\/ww1.norttech.com\/wp-content\/uploads\/sites\/2\/2025\/07\/image-11.png\"},{\"@type\":\"BreadcrumbList\",\"@id\":\"https:\/\/www.norttech.com\/contacto-de-ventas\/#breadcrumb\",\"itemListElement\":[{\"@type\":\"ListItem\",\"position\":1,\"name\":\"Home\",\"item\":\"https:\/\/www.norttech.com\/\"},{\"@type\":\"ListItem\",\"position\":2,\"name\":\"Contacto de ventas\"}]},{\"@type\":\"WebSite\",\"@id\":\"https:\/\/www.norttech.com\/en\/#website\",\"url\":\"https:\/\/www.norttech.com\/en\/\",\"name\":\"Norttech\",\"description\":\"\",\"publisher\":{\"@id\":\"https:\/\/www.norttech.com\/en\/#organization\"},\"potentialAction\":[{\"@type\":\"SearchAction\",\"target\":{\"@type\":\"EntryPoint\",\"urlTemplate\":\"https:\/\/www.norttech.com\/en\/?s={search_term_string}\"},\"query-input\":{\"@type\":\"PropertyValueSpecification\",\"valueRequired\":true,\"valueName\":\"search_term_string\"}}],\"inLanguage\":\"en-US\"},{\"@type\":\"Organization\",\"@id\":\"https:\/\/www.norttech.com\/en\/#organization\",\"name\":\"Norttech\",\"url\":\"https:\/\/www.norttech.com\/en\/\",\"logo\":{\"@type\":\"ImageObject\",\"inLanguage\":\"en-US\",\"@id\":\"https:\/\/www.norttech.com\/en\/#\/schema\/logo\/image\/\",\"url\":\"https:\/\/www.norttech.com\/wp-content\/uploads\/sites\/2\/2025\/07\/imagen_2025-07-07_104008604.png\",\"contentUrl\":\"https:\/\/www.norttech.com\/wp-content\/uploads\/sites\/2\/2025\/07\/imagen_2025-07-07_104008604.png\",\"width\":276,\"height\":107,\"caption\":\"Norttech\"},\"image\":{\"@id\":\"https:\/\/www.norttech.com\/en\/#\/schema\/logo\/image\/\"}}]}<\/script>\n<!-- \/ Yoast SEO plugin. -->","yoast_head_json":{"title":"Cont\u00e1ctanos para Soluciones Personalizadas","description":"En Norttech transformamos tu negocio con soluciones tecnol\u00f3gicas innovadoras. Cont\u00e1ctanos y potencia tu productividad y crecimiento.","robots":{"index":"index","follow":"follow","max-snippet":"max-snippet:-1","max-image-preview":"max-image-preview:large","max-video-preview":"max-video-preview:-1"},"canonical":"https:\/\/www.norttech.com\/en\/contacto-de-ventas\/","og_locale":"en_US","og_type":"article","og_title":"Cont\u00e1ctanos para Soluciones Personalizadas","og_description":"En Norttech transformamos tu negocio con soluciones tecnol\u00f3gicas innovadoras. Cont\u00e1ctanos y potencia tu productividad y crecimiento.","og_url":"https:\/\/www.norttech.com\/en\/contacto-de-ventas\/","og_site_name":"Norttech","article_modified_time":"2025-09-02T13:54:36+00:00","og_image":[{"url":"https:\/\/ww1.norttech.com\/wp-content\/uploads\/sites\/2\/2025\/07\/image-11.png","type":"","width":"","height":""}],"twitter_card":"summary_large_image","twitter_misc":{"Est. reading time":"1 minute"},"schema":{"@context":"https:\/\/schema.org","@graph":[{"@type":"WebPage","@id":"https:\/\/www.norttech.com\/contacto-de-ventas\/","url":"https:\/\/www.norttech.com\/contacto-de-ventas\/","name":"Cont\u00e1ctanos para Soluciones Personalizadas","isPartOf":{"@id":"https:\/\/www.norttech.com\/en\/#website"},"primaryImageOfPage":{"@id":"https:\/\/www.norttech.com\/contacto-de-ventas\/#primaryimage"},"image":{"@id":"https:\/\/www.norttech.com\/contacto-de-ventas\/#primaryimage"},"thumbnailUrl":"https:\/\/ww1.norttech.com\/wp-content\/uploads\/sites\/2\/2025\/07\/image-11.png","datePublished":"2025-07-10T14:31:27+00:00","dateModified":"2025-09-02T13:54:36+00:00","description":"En Norttech transformamos tu negocio con soluciones tecnol\u00f3gicas innovadoras. Cont\u00e1ctanos y potencia tu productividad y crecimiento.","breadcrumb":{"@id":"https:\/\/www.norttech.com\/contacto-de-ventas\/#breadcrumb"},"inLanguage":"en-US","potentialAction":[{"@type":"ReadAction","target":["https:\/\/www.norttech.com\/contacto-de-ventas\/"]}]},{"@type":"ImageObject","inLanguage":"en-US","@id":"https:\/\/www.norttech.com\/contacto-de-ventas\/#primaryimage","url":"https:\/\/ww1.norttech.com\/wp-content\/uploads\/sites\/2\/2025\/07\/image-11.png","contentUrl":"https:\/\/ww1.norttech.com\/wp-content\/uploads\/sites\/2\/2025\/07\/image-11.png"},{"@type":"BreadcrumbList","@id":"https:\/\/www.norttech.com\/contacto-de-ventas\/#breadcrumb","itemListElement":[{"@type":"ListItem","position":1,"name":"Home","item":"https:\/\/www.norttech.com\/"},{"@type":"ListItem","position":2,"name":"Contacto de ventas"}]},{"@type":"WebSite","@id":"https:\/\/www.norttech.com\/en\/#website","url":"https:\/\/www.norttech.com\/en\/","name":"Norttech","description":"","publisher":{"@id":"https:\/\/www.norttech.com\/en\/#organization"},"potentialAction":[{"@type":"SearchAction","target":{"@type":"EntryPoint","urlTemplate":"https:\/\/www.norttech.com\/en\/?s={search_term_string}"},"query-input":{"@type":"PropertyValueSpecification","valueRequired":true,"valueName":"search_term_string"}}],"inLanguage":"en-US"},{"@type":"Organization","@id":"https:\/\/www.norttech.com\/en\/#organization","name":"Norttech","url":"https:\/\/www.norttech.com\/en\/","logo":{"@type":"ImageObject","inLanguage":"en-US","@id":"https:\/\/www.norttech.com\/en\/#\/schema\/logo\/image\/","url":"https:\/\/www.norttech.com\/wp-content\/uploads\/sites\/2\/2025\/07\/imagen_2025-07-07_104008604.png","contentUrl":"https:\/\/www.norttech.com\/wp-content\/uploads\/sites\/2\/2025\/07\/imagen_2025-07-07_104008604.png","width":276,"height":107,"caption":"Norttech"},"image":{"@id":"https:\/\/www.norttech.com\/en\/#\/schema\/logo\/image\/"}}]}},"_links":{"self":[{"href":"https:\/\/www.norttech.com\/en\/wp-json\/wp\/v2\/pages\/608","targetHints":{"allow":["GET"]}}],"collection":[{"href":"https:\/\/www.norttech.com\/en\/wp-json\/wp\/v2\/pages"}],"about":[{"href":"https:\/\/www.norttech.com\/en\/wp-json\/wp\/v2\/types\/page"}],"author":[{"embeddable":true,"href":"https:\/\/www.norttech.com\/en\/wp-json\/wp\/v2\/users\/4"}],"replies":[{"embeddable":true,"href":"https:\/\/www.norttech.com\/en\/wp-json\/wp\/v2\/comments?post=608"}],"version-history":[{"count":7,"href":"https:\/\/www.norttech.com\/en\/wp-json\/wp\/v2\/pages\/608\/revisions"}],"predecessor-version":[{"id":1120,"href":"https:\/\/www.norttech.com\/en\/wp-json\/wp\/v2\/pages\/608\/revisions\/1120"}],"wp:attachment":[{"href":"https:\/\/www.norttech.com\/en\/wp-json\/wp\/v2\/media?parent=608"}],"curies":[{"name":"wp","href":"https:\/\/api.w.org\/{rel}","templated":true}]}}